{"id":34,"date":"2020-05-25T14:02:04","date_gmt":"2020-05-25T14:02:04","guid":{"rendered":"https:\/\/www.catharinaantonson.se\/?page_id=34"},"modified":"2023-06-08T18:42:16","modified_gmt":"2023-06-08T18:42:16","slug":"om-catharina","status":"publish","type":"page","link":"https:\/\/www.catharinaantonson.se\/?page_id=34","title":{"rendered":"Om Catharina"},"content":{"rendered":"\n<p>Mitt namn \u00e4r Catharina Antonson. <\/p>\n\n\n\n<p>Jag bytte bransch ifr\u00e5n bank- och finansv\u00e4rlden 2015, f\u00f6r att flytta mitt fokus till andra omr\u00e5den som jag vill verka inom, i roll som management konsult inom rekrytering, kommunikation, aff\u00e4rsutveckling, h\u00e5llbar h\u00e4lsa &amp; att utforska kraften och gl\u00e4djen i naturen. Jag \u00e4r grundare och CEO i f\u00f6retaget <a href=\"https:\/\/thenordichouseofsustainability.com\/\" data-type=\"URL\" data-id=\"https:\/\/thenordichouseofsustainability.com\/\" target=\"_blank\" rel=\"noreferrer noopener\">The Nordic House of Sustainability<\/a>. Jag bor p\u00e5 en udde p\u00e5 S\u00f6dert\u00f6rn med n\u00e4rhet till Tyrestanaturreservats djupa skogar, till hav och sj\u00f6ar, b\u00e4ckar, \u00e5ar och k\u00e4llor. Det var f\u00f6r mig ett enormt stort steg som \u00e4ndrade hela mitt liv. Men det var ett steg i r\u00e4tt riktning. Jag k\u00e4nde att det var dags att breda ut mina vingar och uppt\u00e4cka mer av livet och bejaka l\u00e4ngtan till att vara mer skapande och komma ut i friskluften. Bort ifr\u00e5n trafik och buller. Bort fr\u00e5n stress och j\u00e4kt, till skogar och sj\u00f6ar och till sk\u00e4rg\u00e5rden.<\/p>\n\n\n\n<p>V\u00e4l p\u00e5 plats i min nya tillvaro k\u00e4nde jag mig hemma. Ett lugn infann sig. Pl\u00f6tsligt hade jag allt jag n\u00e5gonsin dr\u00f6mt om. <\/p>\n\n\n\n<p>Lugn. Gl\u00e4dje. Passion. Med Fokus &amp; Balans och med optimism arbetar jag nu i ett flow. D\u00e4r tid och rum f\u00f6rsvinner, medveten om att det \u00e4r NU. <\/p>\n\n\n\n<p>Med f\u00e5gelkvitter och doftande nyutslagna tr\u00e4d, \u00f6rter, blommor och gr\u00f6naste mossa p\u00e5 stenar s\u00e4tter jag mig nu ofta p\u00e5 min \u201dsit spot\u201d och bara \u00e4r tillsammans och bjuder in allt annat i naturen. F\u00f6rundrad \u00f6ver de krafter som ber\u00f6r mig, Naturen.<\/p>\n\n\n\n<p>Jag k\u00e4nner mig fri att skapa &amp; att leda, vara kreativ och inspirera andra att hitta sin v\u00e4g fram\u00e5t. Omgiven av skogen, sk\u00e4rg\u00e5rdens alla \u00f6ar, glittrande fj\u00e4rdar och solvarma klippor. H\u00e4r b\u00f6rjade en l\u00e5ng och mycket sp\u00e4nnande och rolig resa som lett mig dit jag \u00e4r idag.<\/p>\n\n\n\n<figure class=\"wp-block-image size-large\"><img loading=\"lazy\" decoding=\"async\" width=\"768\" height=\"960\" src=\"https:\/\/www.catharinaantonson.se\/wp-content\/uploads\/2020\/07\/Bild-p\u00e5-mig-i-Tyres\u00f6.jpg\" alt=\"\" class=\"wp-image-136\" srcset=\"https:\/\/www.catharinaantonson.se\/wp-content\/uploads\/2020\/07\/Bild-p\u00e5-mig-i-Tyres\u00f6.jpg 768w, https:\/\/www.catharinaantonson.se\/wp-content\/uploads\/2020\/07\/Bild-p\u00e5-mig-i-Tyres\u00f6-240x300.jpg 240w\" sizes=\"auto, (max-width: 768px) 100vw, 768px\" \/><figcaption class=\"wp-element-caption\">Foto: Catharina Antonson, bild p\u00e5 mig i Tyres\u00f6 sommar 2020<\/figcaption><\/figure>\n\n\n\n<ul class=\"wp-block-list\">\n<li><strong>Certifieradskogsbadsguide<\/strong> 2020-12-10, <br>vid Scandinavian Nature and Forest Therapy Institute.<\/li>\n\n\n\n<li><strong>F\u00f6rsta hj\u00e4lpen onlinekurs<\/strong>, december 2020<br>Svenska R\u00f6da Korset.<\/li>\n<\/ul>\n\n\n\n<figure class=\"wp-block-image size-large\"><img loading=\"lazy\" decoding=\"async\" width=\"300\" height=\"300\" src=\"https:\/\/www.catharinaantonson.se\/wp-content\/uploads\/2021\/04\/SNFTI_bathing-guide_marke_300x300px.png\" alt=\"\" class=\"wp-image-300\" srcset=\"https:\/\/www.catharinaantonson.se\/wp-content\/uploads\/2021\/04\/SNFTI_bathing-guide_marke_300x300px.png 300w, https:\/\/www.catharinaantonson.se\/wp-content\/uploads\/2021\/04\/SNFTI_bathing-guide_marke_300x300px-150x150.png 150w\" sizes=\"auto, (max-width: 300px) 100vw, 300px\" \/><\/figure>\n\n\n\n<p><\/p>\n\n\n\n<p><\/p>\n\n\n\n<figure class=\"wp-block-image size-large\"><img loading=\"lazy\" decoding=\"async\" width=\"1024\" height=\"721\" src=\"https:\/\/www.catharinaantonson.se\/wp-content\/uploads\/2023\/02\/Min-Certifieringstavla-Skogsbadsguide-2020-1-1024x721.jpg\" alt=\"\" class=\"wp-image-869\" srcset=\"https:\/\/www.catharinaantonson.se\/wp-content\/uploads\/2023\/02\/Min-Certifieringstavla-Skogsbadsguide-2020-1-1024x721.jpg 1024w, https:\/\/www.catharinaantonson.se\/wp-content\/uploads\/2023\/02\/Min-Certifieringstavla-Skogsbadsguide-2020-1-300x211.jpg 300w, https:\/\/www.catharinaantonson.se\/wp-content\/uploads\/2023\/02\/Min-Certifieringstavla-Skogsbadsguide-2020-1-768x541.jpg 768w, https:\/\/www.catharinaantonson.se\/wp-content\/uploads\/2023\/02\/Min-Certifieringstavla-Skogsbadsguide-2020-1-1536x1082.jpg 1536w, https:\/\/www.catharinaantonson.se\/wp-content\/uploads\/2023\/02\/Min-Certifieringstavla-Skogsbadsguide-2020-1.jpg 2048w\" sizes=\"auto, (max-width: 1024px) 100vw, 1024px\" \/><figcaption class=\"wp-element-caption\">Catharina Antonson \u00e4r Certifierad Skogsbadsguide sedan 2020, vid Scanidavian Nature and Forest Therapy Institute<\/figcaption><\/figure>\n","protected":false},"excerpt":{"rendered":"<p>Mitt namn \u00e4r Catharina Antonson. Jag bytte bransch ifr\u00e5n bank- och finansv\u00e4rlden 2015, f\u00f6r att flytta mitt fokus till andra omr\u00e5den som jag vill verka inom, i roll som management konsult inom rekrytering, kommunikation, aff\u00e4rsutveckling, h\u00e5llbar h\u00e4lsa &amp; att utforska kraften och gl\u00e4djen i naturen. Jag \u00e4r grundare och CEO i f\u00f6retaget The Nordic House [&hellip;]<\/p>\n","protected":false},"author":1,"featured_media":0,"parent":0,"menu_order":0,"comment_status":"closed","ping_status":"closed","template":"","meta":{"footnotes":""},"class_list":["post-34","page","type-page","status-publish","hentry"],"_links":{"self":[{"href":"https:\/\/www.catharinaantonson.se\/index.php?rest_route=\/wp\/v2\/pages\/34","targetHints":{"allow":["GET"]}}],"collection":[{"href":"https:\/\/www.catharinaantonson.se\/index.php?rest_route=\/wp\/v2\/pages"}],"about":[{"href":"https:\/\/www.catharinaantonson.se\/index.php?rest_route=\/wp\/v2\/types\/page"}],"author":[{"embeddable":true,"href":"https:\/\/www.catharinaantonson.se\/index.php?rest_route=\/wp\/v2\/users\/1"}],"replies":[{"embeddable":true,"href":"https:\/\/www.catharinaantonson.se\/index.php?rest_route=%2Fwp%2Fv2%2Fcomments&post=34"}],"version-history":[{"count":27,"href":"https:\/\/www.catharinaantonson.se\/index.php?rest_route=\/wp\/v2\/pages\/34\/revisions"}],"predecessor-version":[{"id":931,"href":"https:\/\/www.catharinaantonson.se\/index.php?rest_route=\/wp\/v2\/pages\/34\/revisions\/931"}],"wp:attachment":[{"href":"https:\/\/www.catharinaantonson.se\/index.php?rest_route=%2Fwp%2Fv2%2Fmedia&parent=34"}],"curies":[{"name":"wp","href":"https:\/\/api.w.org\/{rel}","templated":true}]}}